{"id":175,"date":"2025-03-11T18:29:05","date_gmt":"2025-03-11T18:29:05","guid":{"rendered":"https:\/\/suarezpicazoabogados.com\/?page_id=175"},"modified":"2025-03-11T20:36:22","modified_gmt":"2025-03-11T20:36:22","slug":"miembros","status":"publish","type":"page","link":"https:\/\/suarezpicazoabogados.com\/?page_id=175","title":{"rendered":"Miembros"},"content":{"rendered":"\t\t<div data-elementor-type=\"wp-page\" data-elementor-id=\"175\" class=\"elementor elementor-175\" data-elementor-post-type=\"page\">\n\t\t\t\t<div class=\"elementor-element elementor-element-41afc6e e-flex e-con-boxed e-con e-parent\" data-id=\"41afc6e\" data-element_type=\"container\" data-settings=\"{&quot;background_background&quot;:&quot;classic&quot;}\">\n\t\t\t\t\t<div class=\"e-con-inner\">\n\t\t\t\t<div class=\"elementor-element elementor-element-9cbf950 elementor-widget elementor-widget-heading\" data-id=\"9cbf950\" data-element_type=\"widget\" data-widget_type=\"heading.default\">\n\t\t\t\t<div class=\"elementor-widget-container\">\n\t\t\t\t\t<h2 class=\"elementor-heading-title elementor-size-default\">Miembros <\/h2>\t\t\t\t<\/div>\n\t\t\t\t<\/div>\n\t\t\t\t\t<\/div>\n\t\t\t\t<\/div>\n\t\t<div class=\"elementor-element elementor-element-12b3bbc e-flex e-con-boxed e-con e-parent\" data-id=\"12b3bbc\" data-element_type=\"container\">\n\t\t\t\t\t<div class=\"e-con-inner\">\n\t\t\t\t<div class=\"elementor-element elementor-element-af0dc71 elementor-widget elementor-widget-spacer\" data-id=\"af0dc71\" data-element_type=\"widget\" data-widget_type=\"spacer.default\">\n\t\t\t\t<div class=\"elementor-widget-container\">\n\t\t\t\t\t\t\t<div class=\"elementor-spacer\">\n\t\t\t<div class=\"elementor-spacer-inner\"><\/div>\n\t\t<\/div>\n\t\t\t\t\t\t<\/div>\n\t\t\t\t<\/div>\n\t\t\t\t\t<\/div>\n\t\t\t\t<\/div>\n\t\t<div class=\"elementor-element elementor-element-9ba5911 e-flex e-con-boxed e-con e-parent\" data-id=\"9ba5911\" data-element_type=\"container\">\n\t\t\t\t\t<div class=\"e-con-inner\">\n\t\t<div class=\"elementor-element elementor-element-155ef92 e-con-full e-flex e-con e-child\" data-id=\"155ef92\" data-element_type=\"container\">\n\t\t\t\t<div class=\"elementor-element elementor-element-29c9ecd elementor-widget elementor-widget-heading\" data-id=\"29c9ecd\" data-element_type=\"widget\" data-widget_type=\"heading.default\">\n\t\t\t\t<div class=\"elementor-widget-container\">\n\t\t\t\t\t<h2 class=\"elementor-heading-title elementor-size-default\">Jos\u00e9 Rafael Su\u00e1rez Picazo<\/h2>\t\t\t\t<\/div>\n\t\t\t\t<\/div>\n\t\t\t\t<div class=\"elementor-element elementor-element-35542d8 elementor-widget elementor-widget-text-editor\" data-id=\"35542d8\" data-element_type=\"widget\" data-widget_type=\"text-editor.default\">\n\t\t\t\t<div class=\"elementor-widget-container\">\n\t\t\t\t\t\t\t\t\t<p>Licenciado en Derecho. Universidad Aut\u00f3noma de Tlaxcala. 35 a\u00f1os de experiencia ininterrumpida en litigio civil, mercantil y familiar. Diversos diplomado y cursos de derecho privado.<\/p>\t\t\t\t\t\t\t\t<\/div>\n\t\t\t\t<\/div>\n\t\t\t\t<\/div>\n\t\t<div class=\"elementor-element elementor-element-b69ac27 e-con-full e-flex e-con e-child\" data-id=\"b69ac27\" data-element_type=\"container\">\n\t\t\t\t<\/div>\n\t\t\t\t\t<\/div>\n\t\t\t\t<\/div>\n\t\t<div class=\"elementor-element elementor-element-8e45c78 e-flex e-con-boxed e-con e-parent\" data-id=\"8e45c78\" data-element_type=\"container\">\n\t\t\t\t\t<div class=\"e-con-inner\">\n\t\t<div class=\"elementor-element elementor-element-dfa7245 e-con-full e-flex e-con e-child\" data-id=\"dfa7245\" data-element_type=\"container\">\n\t\t\t\t<div class=\"elementor-element elementor-element-c0773f2 elementor-widget elementor-widget-heading\" data-id=\"c0773f2\" data-element_type=\"widget\" data-widget_type=\"heading.default\">\n\t\t\t\t<div class=\"elementor-widget-container\">\n\t\t\t\t\t<h2 class=\"elementor-heading-title elementor-size-default\">Laura Elizabeth Su\u00e1rez D\u00edaz<\/h2>\t\t\t\t<\/div>\n\t\t\t\t<\/div>\n\t\t\t\t<div class=\"elementor-element elementor-element-40dcb8b elementor-widget elementor-widget-text-editor\" data-id=\"40dcb8b\" data-element_type=\"widget\" data-widget_type=\"text-editor.default\">\n\t\t\t\t<div class=\"elementor-widget-container\">\n\t\t\t\t\t\t\t\t\t<p>Licenciada en Derecho. Escuela Libre de Derecho de Puebla. Maestr\u00eda Derecho Constitucional y Amparo. Escuela Libre de Derecho de Puebla.\u00a0 15 a\u00f1os de experiencia en litigio civil y familiar.\u00a013 diplomados en materia de Derecho Humanos y Amparo.\u00a013 a\u00f1os de docencia\u00a0universitaria impartiendo materias de Derecho Civil y Familiar.<\/p>\t\t\t\t\t\t\t\t<\/div>\n\t\t\t\t<\/div>\n\t\t\t\t<\/div>\n\t\t<div class=\"elementor-element elementor-element-ee763ed e-con-full e-flex e-con e-child\" data-id=\"ee763ed\" data-element_type=\"container\">\n\t\t\t\t<div class=\"elementor-element elementor-element-39ddc2f elementor-widget elementor-widget-image\" data-id=\"39ddc2f\" data-element_type=\"widget\" data-widget_type=\"image.default\">\n\t\t\t\t<div class=\"elementor-widget-container\">\n\t\t\t\t\t\t\t\t\t\t\t\t\t\t\t<img fetchpriority=\"high\" decoding=\"async\" width=\"800\" height=\"800\" src=\"https:\/\/suarezpicazoabogados.com\/wp-content\/uploads\/2025\/03\/WhatsApp-Image-2025-02-27-at-12.42.18-PM-1.jpeg\" class=\"attachment-large size-large wp-image-179\" alt=\"\" srcset=\"https:\/\/suarezpicazoabogados.com\/wp-content\/uploads\/2025\/03\/WhatsApp-Image-2025-02-27-at-12.42.18-PM-1.jpeg 1024w, https:\/\/suarezpicazoabogados.com\/wp-content\/uploads\/2025\/03\/WhatsApp-Image-2025-02-27-at-12.42.18-PM-1-300x300.jpeg 300w, https:\/\/suarezpicazoabogados.com\/wp-content\/uploads\/2025\/03\/WhatsApp-Image-2025-02-27-at-12.42.18-PM-1-150x150.jpeg 150w, https:\/\/suarezpicazoabogados.com\/wp-content\/uploads\/2025\/03\/WhatsApp-Image-2025-02-27-at-12.42.18-PM-1-768x768.jpeg 768w\" sizes=\"(max-width: 800px) 100vw, 800px\" \/>\t\t\t\t\t\t\t\t\t\t\t\t\t\t\t<\/div>\n\t\t\t\t<\/div>\n\t\t\t\t<\/div>\n\t\t\t\t\t<\/div>\n\t\t\t\t<\/div>\n\t\t<div class=\"elementor-element elementor-element-b94dc59 e-flex e-con-boxed e-con e-parent\" data-id=\"b94dc59\" data-element_type=\"container\">\n\t\t\t\t\t<div class=\"e-con-inner\">\n\t\t<div class=\"elementor-element elementor-element-7bd448b e-con-full e-flex e-con e-child\" data-id=\"7bd448b\" data-element_type=\"container\">\n\t\t\t\t<div class=\"elementor-element elementor-element-331dc1e elementor-widget elementor-widget-heading\" data-id=\"331dc1e\" data-element_type=\"widget\" data-widget_type=\"heading.default\">\n\t\t\t\t<div class=\"elementor-widget-container\">\n\t\t\t\t\t<h2 class=\"elementor-heading-title elementor-size-default\">Rafael Suarez D\u00edaz<\/h2>\t\t\t\t<\/div>\n\t\t\t\t<\/div>\n\t\t\t\t<div class=\"elementor-element elementor-element-0b4e108 elementor-widget elementor-widget-text-editor\" data-id=\"0b4e108\" data-element_type=\"widget\" data-widget_type=\"text-editor.default\">\n\t\t\t\t<div class=\"elementor-widget-container\">\n\t\t\t\t\t\t\t\t\t<p>Licenciado en Derecho. Universidad del Valle de Tlaxcala. 17 a\u00f1os de experiencia en litigio civil, mercantil y medios alternativos de soluci\u00f3n de controversias. Diversos cursos y diplomados de actualizaci\u00f3n en derecho privado.<\/p>\t\t\t\t\t\t\t\t<\/div>\n\t\t\t\t<\/div>\n\t\t\t\t<\/div>\n\t\t<div class=\"elementor-element elementor-element-64e14cb e-con-full e-flex e-con e-child\" data-id=\"64e14cb\" data-element_type=\"container\">\n\t\t\t\t<div class=\"elementor-element elementor-element-0e5ebff elementor-widget elementor-widget-image\" data-id=\"0e5ebff\" data-element_type=\"widget\" data-widget_type=\"image.default\">\n\t\t\t\t<div class=\"elementor-widget-container\">\n\t\t\t\t\t\t\t\t\t\t\t\t\t\t\t<img decoding=\"async\" width=\"800\" height=\"800\" src=\"https:\/\/suarezpicazoabogados.com\/wp-content\/uploads\/2025\/03\/WhatsApp-Image-2025-02-27-at-12.42.19-PM-1.jpeg\" class=\"attachment-large size-large wp-image-178\" alt=\"\" srcset=\"https:\/\/suarezpicazoabogados.com\/wp-content\/uploads\/2025\/03\/WhatsApp-Image-2025-02-27-at-12.42.19-PM-1.jpeg 1024w, https:\/\/suarezpicazoabogados.com\/wp-content\/uploads\/2025\/03\/WhatsApp-Image-2025-02-27-at-12.42.19-PM-1-300x300.jpeg 300w, https:\/\/suarezpicazoabogados.com\/wp-content\/uploads\/2025\/03\/WhatsApp-Image-2025-02-27-at-12.42.19-PM-1-150x150.jpeg 150w, https:\/\/suarezpicazoabogados.com\/wp-content\/uploads\/2025\/03\/WhatsApp-Image-2025-02-27-at-12.42.19-PM-1-768x768.jpeg 768w\" sizes=\"(max-width: 800px) 100vw, 800px\" \/>\t\t\t\t\t\t\t\t\t\t\t\t\t\t\t<\/div>\n\t\t\t\t<\/div>\n\t\t\t\t<\/div>\n\t\t\t\t\t<\/div>\n\t\t\t\t<\/div>\n\t\t<div class=\"elementor-element elementor-element-4f37d89 e-flex e-con-boxed e-con e-parent\" data-id=\"4f37d89\" data-element_type=\"container\">\n\t\t\t\t\t<div class=\"e-con-inner\">\n\t\t<div class=\"elementor-element elementor-element-1e5b746 e-con-full e-flex e-con e-child\" data-id=\"1e5b746\" data-element_type=\"container\">\n\t\t\t\t<div class=\"elementor-element elementor-element-3962d6d elementor-widget elementor-widget-heading\" data-id=\"3962d6d\" data-element_type=\"widget\" data-widget_type=\"heading.default\">\n\t\t\t\t<div class=\"elementor-widget-container\">\n\t\t\t\t\t<h2 class=\"elementor-heading-title elementor-size-default\">Karinse Est\u00e9fani M\u00e9ndez Piedras<\/h2>\t\t\t\t<\/div>\n\t\t\t\t<\/div>\n\t\t\t\t<div class=\"elementor-element elementor-element-29fa881 elementor-widget elementor-widget-text-editor\" data-id=\"29fa881\" data-element_type=\"widget\" data-widget_type=\"text-editor.default\">\n\t\t\t\t<div class=\"elementor-widget-container\">\n\t\t\t\t\t\t\t\t\t<p>Licenciada en Derecho. Universidad del Valle de Tlaxcala. Maestr\u00eda en Derecho Constitucional y Amparo. Escuela Libre de Derecho de Puebla. Diversos cursos y diplomados en materia de derecho familiar y derechos humanos.<\/p>\t\t\t\t\t\t\t\t<\/div>\n\t\t\t\t<\/div>\n\t\t\t\t<\/div>\n\t\t<div class=\"elementor-element elementor-element-7c01ced e-con-full e-flex e-con e-child\" data-id=\"7c01ced\" data-element_type=\"container\">\n\t\t\t\t<\/div>\n\t\t\t\t\t<\/div>\n\t\t\t\t<\/div>\n\t\t\t\t<\/div>\n\t\t","protected":false},"excerpt":{"rendered":"<p>Miembros Jos\u00e9 Rafael Su\u00e1rez Picazo Licenciado en Derecho. Universidad Aut\u00f3noma de Tlaxcala. 35 a\u00f1os de experiencia ininterrumpida en litigio civil, mercantil y familiar. Diversos diplomado y cursos de derecho privado. Laura Elizabeth Su\u00e1rez D\u00edaz Licenciada en Derecho. Escuela Libre de Derecho de Puebla. Maestr\u00eda Derecho Constitucional y Amparo. Escuela Libre de Derecho de Puebla.\u00a0 15 [&hellip;]<\/p>\n","protected":false},"author":1,"featured_media":0,"parent":0,"menu_order":0,"comment_status":"closed","ping_status":"closed","template":"","meta":{"_joinchat":[],"footnotes":""},"class_list":["post-175","page","type-page","status-publish","hentry"],"_links":{"self":[{"href":"https:\/\/suarezpicazoabogados.com\/index.php?rest_route=\/wp\/v2\/pages\/175","targetHints":{"allow":["GET"]}}],"collection":[{"href":"https:\/\/suarezpicazoabogados.com\/index.php?rest_route=\/wp\/v2\/pages"}],"about":[{"href":"https:\/\/suarezpicazoabogados.com\/index.php?rest_route=\/wp\/v2\/types\/page"}],"author":[{"embeddable":true,"href":"https:\/\/suarezpicazoabogados.com\/index.php?rest_route=\/wp\/v2\/users\/1"}],"replies":[{"embeddable":true,"href":"https:\/\/suarezpicazoabogados.com\/index.php?rest_route=%2Fwp%2Fv2%2Fcomments&post=175"}],"version-history":[{"count":25,"href":"https:\/\/suarezpicazoabogados.com\/index.php?rest_route=\/wp\/v2\/pages\/175\/revisions"}],"predecessor-version":[{"id":270,"href":"https:\/\/suarezpicazoabogados.com\/index.php?rest_route=\/wp\/v2\/pages\/175\/revisions\/270"}],"wp:attachment":[{"href":"https:\/\/suarezpicazoabogados.com\/index.php?rest_route=%2Fwp%2Fv2%2Fmedia&parent=175"}],"curies":[{"name":"wp","href":"https:\/\/api.w.org\/{rel}","templated":true}]}}